{"id":952,"date":"2022-03-12T10:27:31","date_gmt":"2022-03-12T10:27:31","guid":{"rendered":"https:\/\/aditgames.pt\/?page_id=952"},"modified":"2026-05-03T21:11:38","modified_gmt":"2026-05-03T21:11:38","slug":"inscricao-evento","status":"publish","type":"page","link":"https:\/\/aditgames.pt\/index.php\/inscricao-evento\/","title":{"rendered":"Inscri\u00e7\u00e3o Evento"},"content":{"rendered":"\t\t<div data-elementor-type=\"wp-page\" data-elementor-id=\"952\" class=\"elementor elementor-952\">\n\t\t\t\t\t\t<section class=\"elementor-section elementor-top-section elementor-element elementor-element-84cd8f2 elementor-section-boxed elementor-section-height-default elementor-section-height-default\" data-id=\"84cd8f2\" data-element_type=\"section\" data-e-type=\"section\">\n\t\t\t\t\t\t<div class=\"elementor-container elementor-column-gap-default\">\n\t\t\t\t\t<div class=\"elementor-column elementor-col-100 elementor-top-column elementor-element elementor-element-9fa3956\" data-id=\"9fa3956\" data-element_type=\"column\" data-e-type=\"column\">\n\t\t\t<div class=\"elementor-widget-wrap\">\n\t\t\t\t\t\t\t<\/div>\n\t\t<\/div>\n\t\t\t\t\t<\/div>\n\t\t<\/section>\n\t\t\t\t<section class=\"elementor-section elementor-top-section elementor-element elementor-element-c1d0ede elementor-section-boxed elementor-section-height-default elementor-section-height-default\" data-id=\"c1d0ede\" data-element_type=\"section\" data-e-type=\"section\">\n\t\t\t\t\t\t<div class=\"elementor-container elementor-column-gap-default\">\n\t\t\t\t\t<div class=\"elementor-column elementor-col-100 elementor-top-column elementor-element elementor-element-b7fb93f\" data-id=\"b7fb93f\" data-element_type=\"column\" data-e-type=\"column\">\n\t\t\t<div class=\"elementor-widget-wrap elementor-element-populated\">\n\t\t\t\t\t\t<div class=\"elementor-element elementor-element-5db50e8 elementor-view-default elementor-widget elementor-widget-icon\" data-id=\"5db50e8\" data-element_type=\"widget\" data-e-type=\"widget\" data-widget_type=\"icon.default\">\n\t\t\t\t<div class=\"elementor-widget-container\">\n\t\t\t\t\t\t\t<div class=\"elementor-icon-wrapper\">\n\t\t\t<div class=\"elementor-icon\">\n\t\t\t<i aria-hidden=\"true\" class=\"fas fa-money-check\"><\/i>\t\t\t<\/div>\n\t\t<\/div>\n\t\t\t\t\t\t<\/div>\n\t\t\t\t<\/div>\n\t\t\t\t<div class=\"elementor-element elementor-element-a2f28e5 elementor-widget elementor-widget-heading\" data-id=\"a2f28e5\" data-element_type=\"widget\" data-e-type=\"widget\" data-widget_type=\"heading.default\">\n\t\t\t\t<div class=\"elementor-widget-container\">\n\t\t\t\t\t<h2 class=\"elementor-heading-title elementor-size-medium\">Inscri\u00e7\u00e3o<\/h2>\t\t\t\t<\/div>\n\t\t\t\t<\/div>\n\t\t\t\t<div class=\"elementor-element elementor-element-0ff856f elementor-widget elementor-widget-text-editor\" data-id=\"0ff856f\" data-element_type=\"widget\" data-e-type=\"widget\" data-widget_type=\"text-editor.default\">\n\t\t\t\t<div class=\"elementor-widget-container\">\n\t\t\t\t\t\t\t\t\t<p style=\"margin: 0cm 0cm .0001pt 28.0pt;\"><span style=\"font-size: 12.0pt; line-height: 107%;\">Inscri\u00e7\u00e3o<strong> GRATUITA no Simp\u00f3sio para quem se inscrever como S\u00d3CIO at\u00e9 dia 16 de Maio<\/strong><\/span><\/p><p style=\"margin: 0cm 0cm .0001pt 28.0pt;\">(A inscri\u00e7\u00e3o individual como s\u00f3cio da ADITGameS implica, pagamento de uma joia de inscri\u00e7\u00e3o, no valor de 10 euros (pagamento \u00fanico) e o pagamento de uma anuidade de 20 euros.)<\/p><ul><li><span style=\"font-size: 12.0pt; line-height: 107%;\">Valor inscri\u00e7\u00e3o: 20 euros &#8211; 40 euros A partir de dia 17 de Maio<\/span><\/li><li><span style=\"font-size: 12.0pt; line-height: 107%;\">Estudantes licenciatura= 10 euros<\/span><\/li><\/ul><p style=\"margin: 0cm 0cm .0001pt 28.0pt;\"><span style=\"font-size: 12.0pt; line-height: 107%;\">O autor correspondente dos trabalhos tem de estar inscrito no evento.<\/span><\/p><p style=\"margin: 0cm 0cm .0001pt 28.0pt;\"><span style=\"font-size: 12pt; font-style: inherit; font-weight: inherit; background-color: var(--ast-global-color-4); color: var(--ast-global-color-3);\">Valor Inscri\u00e7\u00e3o coletiva: 120 euros grupos 4 pessoas\u00a0 AT\u00c8 DIA 16 DE Maio<\/span><\/p><p style=\"margin: 0cm 0cm .0001pt 28.0pt;\"><span style=\"font-style: inherit; font-weight: inherit; background-color: var(--ast-global-color-4); color: var(--ast-global-color-3);\">\u00a0<span style=\"text-decoration: underline;\">Remeta o comprovativo de pagamento para informacoes@aditgames.pt<\/span><\/span><\/p><p style=\"margin: 0cm 0cm .0001pt 28.0pt;\"><span style=\"text-align: justify;\">Associa\u00e7\u00e3o para o Desenvolvimento de Inova\u00e7\u00e3o Tecnol\u00f3gica e Games em Sa\u00fade &#8211; ADITGames\u00a0<\/span><strong><span style=\"background-color: var(--ast-global-color-4);\">PT50 0269 0330 0020 1781 3328 2\u00a0<\/span><\/strong><\/p>\t\t\t\t\t\t\t\t<\/div>\n\t\t\t\t<\/div>\n\t\t\t\t\t<\/div>\n\t\t<\/div>\n\t\t\t\t\t<\/div>\n\t\t<\/section>\n\t\t\t\t<section class=\"elementor-section elementor-top-section elementor-element elementor-element-c6deb55 elementor-section-boxed elementor-section-height-default elementor-section-height-default\" data-id=\"c6deb55\" data-element_type=\"section\" data-e-type=\"section\">\n\t\t\t\t\t\t<div class=\"elementor-container elementor-column-gap-default\">\n\t\t\t\t\t<div class=\"elementor-column elementor-col-100 elementor-top-column elementor-element elementor-element-a89787f\" data-id=\"a89787f\" data-element_type=\"column\" data-e-type=\"column\">\n\t\t\t<div class=\"elementor-widget-wrap elementor-element-populated\">\n\t\t\t\t\t\t<div class=\"elementor-element elementor-element-f30e0f3 elementor-widget elementor-widget-wpforms\" data-id=\"f30e0f3\" data-element_type=\"widget\" data-e-type=\"widget\" data-widget_type=\"wpforms.default\">\n\t\t\t\t<div class=\"elementor-widget-container\">\n\t\t\t\t\t<div class=\"wpforms-container \" id=\"wpforms-896\"><form id=\"wpforms-form-896\" class=\"wpforms-validate wpforms-form wpforms-ajax-form\" data-formid=\"896\" method=\"post\" enctype=\"multipart\/form-data\" action=\"\/index.php\/wp-json\/wp\/v2\/pages\/952\" data-token=\"bcd143d133c096272e6268e7d71098eb\" data-token-time=\"1778995270\"><noscript class=\"wpforms-error-noscript\">Please enable JavaScript in your browser to complete this form.<\/noscript><div class=\"wpforms-field-container\"><div id=\"wpforms-896-field_0-container\" class=\"wpforms-field wpforms-field-name\" data-field-id=\"0\"><label class=\"wpforms-field-label\" for=\"wpforms-896-field_0\">Nome Completo <span class=\"wpforms-required-label\">*<\/span><\/label><input type=\"text\" id=\"wpforms-896-field_0\" class=\"wpforms-field-medium wpforms-field-required\" name=\"wpforms[fields][0]\" required><\/div><div id=\"wpforms-896-field_1-container\" class=\"wpforms-field wpforms-field-email\" data-field-id=\"1\"><label class=\"wpforms-field-label\" for=\"wpforms-896-field_1\">Email <span class=\"wpforms-required-label\">*<\/span><\/label><input type=\"email\" id=\"wpforms-896-field_1\" class=\"wpforms-field-medium wpforms-field-required\" name=\"wpforms[fields][1]\" spellcheck=\"false\" required><\/div><div id=\"wpforms-896-field_13-container\" class=\"wpforms-field wpforms-field-email\" data-field-id=\"13\"><label class=\"wpforms-field-label\" for=\"wpforms-896-field_13\">Confirmar Email  <span class=\"wpforms-required-label\">*<\/span><\/label><input type=\"email\" id=\"wpforms-896-field_13\" class=\"wpforms-field-medium wpforms-field-required\" name=\"wpforms[fields][13]\" spellcheck=\"false\" required><\/div><div id=\"wpforms-896-field_3-container\" class=\"wpforms-field wpforms-field-textarea\" data-field-id=\"3\"><label class=\"wpforms-field-label\" for=\"wpforms-896-field_3\">Morada <span class=\"wpforms-required-label\">*<\/span><\/label><textarea id=\"wpforms-896-field_3\" class=\"wpforms-field-medium wpforms-field-required\" name=\"wpforms[fields][3]\" required><\/textarea><\/div><div id=\"wpforms-896-field_11-container\" class=\"wpforms-field wpforms-field-text\" data-field-id=\"11\"><label class=\"wpforms-field-label\" for=\"wpforms-896-field_11\">N\u00famero Cart\u00e3o Cidad\u00e3o <span class=\"wpforms-required-label\">*<\/span><\/label><input type=\"text\" id=\"wpforms-896-field_11\" class=\"wpforms-field-medium wpforms-field-required\" name=\"wpforms[fields][11]\" required><\/div><div id=\"wpforms-896-field_12-container\" class=\"wpforms-field wpforms-field-text\" data-field-id=\"12\"><label class=\"wpforms-field-label\" for=\"wpforms-896-field_12\">NIF <span class=\"wpforms-required-label\">*<\/span><\/label><input type=\"text\" id=\"wpforms-896-field_12\" class=\"wpforms-field-medium wpforms-field-required\" name=\"wpforms[fields][12]\" required><\/div><div id=\"wpforms-896-field_14-container\" class=\"wpforms-field wpforms-field-text\" data-field-id=\"14\"><label class=\"wpforms-field-label\" for=\"wpforms-896-field_14\">C\u00f3digo promocional<\/label><input type=\"text\" id=\"wpforms-896-field_14\" class=\"wpforms-field-medium\" name=\"wpforms[fields][14]\" ><\/div><div id=\"wpforms-896-field_15-container\" class=\"wpforms-field wpforms-field-text\" data-field-id=\"15\"><label class=\"wpforms-field-label\" for=\"wpforms-896-field_15\">Single Line Text<\/label><input type=\"text\" id=\"wpforms-896-field_15\" class=\"wpforms-field-medium\" name=\"wpforms[fields][15]\" ><\/div><div id=\"wpforms-896-field_16-container\" class=\"wpforms-field wpforms-field-textarea\" data-field-id=\"16\"><label class=\"wpforms-field-label\" for=\"wpforms-896-field_16\">Paragraph Text<\/label><textarea id=\"wpforms-896-field_16\" class=\"wpforms-field-medium\" name=\"wpforms[fields][16]\" ><\/textarea><\/div><div id=\"wpforms-896-field_17-container\" class=\"wpforms-field wpforms-field-email\" data-field-id=\"17\"><label class=\"wpforms-field-label\" for=\"wpforms-896-field_17\">Email <span class=\"wpforms-required-label\">*<\/span><\/label><input type=\"email\" id=\"wpforms-896-field_17\" class=\"wpforms-field-medium wpforms-field-required\" name=\"wpforms[fields][17]\" spellcheck=\"false\" required><\/div><\/div><!-- .wpforms-field-container --><div class=\"wpforms-submit-container\" ><input type=\"hidden\" name=\"wpforms[id]\" value=\"896\"><input type=\"hidden\" name=\"page_title\" value=\"\"><input type=\"hidden\" name=\"page_url\" value=\"https:\/\/aditgames.pt\/index.php\/wp-json\/wp\/v2\/pages\/952\"><input type=\"hidden\" name=\"url_referer\" value=\"\"><button type=\"submit\" name=\"wpforms[submit]\" id=\"wpforms-submit-896\" class=\"wpforms-submit\" data-alt-text=\"Sending...\" data-submit-text=\"Submit\" aria-live=\"assertive\" value=\"wpforms-submit\">Submit<\/button><img decoding=\"async\" src=\"https:\/\/aditgames.pt\/wp-content\/plugins\/wpforms-lite\/assets\/images\/submit-spin.svg\" class=\"wpforms-submit-spinner\" style=\"display: none;\" width=\"26\" height=\"26\" alt=\"Loading\"><\/div><\/form><\/div>  <!-- .wpforms-container -->\t\t\t\t<\/div>\n\t\t\t\t<\/div>\n\t\t\t\t\t<\/div>\n\t\t<\/div>\n\t\t\t\t\t<\/div>\n\t\t<\/section>\n\t\t\t\t<\/div>\n\t\t","protected":false},"excerpt":{"rendered":"<p>Inscri\u00e7\u00e3o Inscri\u00e7\u00e3o GRATUITA no Simp\u00f3sio para quem se inscrever como S\u00d3CIO at\u00e9 dia 16 de Maio (A inscri\u00e7\u00e3o individual como s\u00f3cio da ADITGameS implica, pagamento de uma joia de inscri\u00e7\u00e3o, no valor de 10 euros (pagamento \u00fanico) e o pagamento de uma anuidade de 20 euros.) Valor inscri\u00e7\u00e3o: 20 euros &#8211; 40 euros A partir [&hellip;]<\/p>\n","protected":false},"author":1,"featured_media":0,"parent":0,"menu_order":0,"comment_status":"closed","ping_status":"closed","template":"","meta":{"site-sidebar-layout":"no-sidebar","site-content-layout":"page-builder","ast-site-content-layout":"default","site-content-style":"default","site-sidebar-style":"default","ast-global-header-display":"","ast-banner-title-visibility":"","ast-main-header-display":"","ast-hfb-above-header-display":"","ast-hfb-below-header-display":"","ast-hfb-mobile-header-display":"","site-post-title":"disabled","ast-breadcrumbs-content":"","ast-featured-img":"disabled","footer-sml-layout":"","ast-disable-related-posts":"","theme-transparent-header-meta":"","adv-header-id-meta":"","stick-header-meta":"","header-above-stick-meta":"","header-main-stick-meta":"","header-below-stick-meta":"","astra-migrate-meta-layouts":"default","ast-page-background-enabled":"default","ast-page-background-meta":{"desktop":{"background-color":"","background-image":"","background-repeat":"repeat","background-position":"center center","background-size":"auto","background-attachment":"scroll","background-type":"","background-media":"","overlay-type":"","overlay-color":"","overlay-opacity":"","overlay-gradient":""},"tablet":{"background-color":"","background-image":"","background-repeat":"repeat","background-position":"center center","background-size":"auto","background-attachment":"scroll","background-type":"","background-media":"","overlay-type":"","overlay-color":"","overlay-opacity":"","overlay-gradient":""},"mobile":{"background-color":"","background-image":"","background-repeat":"repeat","background-position":"center center","background-size":"auto","background-attachment":"scroll","background-type":"","background-media":"","overlay-type":"","overlay-color":"","overlay-opacity":"","overlay-gradient":""}},"ast-content-background-meta":{"desktop":{"background-color":"var(--ast-global-color-5)","background-image":"","background-repeat":"repeat","background-position":"center center","background-size":"auto","background-attachment":"scroll","background-type":"","background-media":"","overlay-type":"","overlay-color":"","overlay-opacity":"","overlay-gradient":""},"tablet":{"background-color":"var(--ast-global-color-5)","background-image":"","background-repeat":"repeat","background-position":"center center","background-size":"auto","background-attachment":"scroll","background-type":"","background-media":"","overlay-type":"","overlay-color":"","overlay-opacity":"","overlay-gradient":""},"mobile":{"background-color":"var(--ast-global-color-5)","background-image":"","background-repeat":"repeat","background-position":"center center","background-size":"auto","background-attachment":"scroll","background-type":"","background-media":"","overlay-type":"","overlay-color":"","overlay-opacity":"","overlay-gradient":""}},"footnotes":""},"class_list":["post-952","page","type-page","status-publish","hentry"],"_links":{"self":[{"href":"https:\/\/aditgames.pt\/index.php\/wp-json\/wp\/v2\/pages\/952","targetHints":{"allow":["GET"]}}],"collection":[{"href":"https:\/\/aditgames.pt\/index.php\/wp-json\/wp\/v2\/pages"}],"about":[{"href":"https:\/\/aditgames.pt\/index.php\/wp-json\/wp\/v2\/types\/page"}],"author":[{"embeddable":true,"href":"https:\/\/aditgames.pt\/index.php\/wp-json\/wp\/v2\/users\/1"}],"replies":[{"embeddable":true,"href":"https:\/\/aditgames.pt\/index.php\/wp-json\/wp\/v2\/comments?post=952"}],"version-history":[{"count":91,"href":"https:\/\/aditgames.pt\/index.php\/wp-json\/wp\/v2\/pages\/952\/revisions"}],"predecessor-version":[{"id":1971,"href":"https:\/\/aditgames.pt\/index.php\/wp-json\/wp\/v2\/pages\/952\/revisions\/1971"}],"wp:attachment":[{"href":"https:\/\/aditgames.pt\/index.php\/wp-json\/wp\/v2\/media?parent=952"}],"curies":[{"name":"wp","href":"https:\/\/api.w.org\/{rel}","templated":true}]}}