{"id":951,"date":"2022-03-12T10:27:31","date_gmt":"2022-03-12T10:27:31","guid":{"rendered":"https:\/\/aditgames.pt\/?page_id=951"},"modified":"2025-05-09T13:25:03","modified_gmt":"2025-05-09T13:25:03","slug":"submissao-trabalhos","status":"publish","type":"page","link":"https:\/\/aditgames.pt\/index.php\/submissao-trabalhos\/","title":{"rendered":"Submiss\u00e3o Trabalhos"},"content":{"rendered":"\t\t<div data-elementor-type=\"wp-page\" data-elementor-id=\"951\" class=\"elementor elementor-951\">\n\t\t\t\t\t\t<section class=\"elementor-section elementor-top-section elementor-element elementor-element-ae7bdec elementor-section-boxed elementor-section-height-default elementor-section-height-default\" data-id=\"ae7bdec\" data-element_type=\"section\" data-e-type=\"section\">\n\t\t\t\t\t\t<div class=\"elementor-container elementor-column-gap-default\">\n\t\t\t\t\t<div class=\"elementor-column elementor-col-100 elementor-top-column elementor-element elementor-element-86d0d2c\" data-id=\"86d0d2c\" data-element_type=\"column\" data-e-type=\"column\">\n\t\t\t<div class=\"elementor-widget-wrap\">\n\t\t\t\t\t\t\t<\/div>\n\t\t<\/div>\n\t\t\t\t\t<\/div>\n\t\t<\/section>\n\t\t\t\t<section class=\"elementor-section elementor-top-section elementor-element elementor-element-bb4e0a0 elementor-section-boxed elementor-section-height-default elementor-section-height-default\" data-id=\"bb4e0a0\" data-element_type=\"section\" data-e-type=\"section\">\n\t\t\t\t\t\t<div class=\"elementor-container elementor-column-gap-default\">\n\t\t\t\t\t<div class=\"elementor-column elementor-col-100 elementor-top-column elementor-element elementor-element-edb531c\" data-id=\"edb531c\" data-element_type=\"column\" data-e-type=\"column\">\n\t\t\t<div class=\"elementor-widget-wrap elementor-element-populated\">\n\t\t\t\t\t\t<div class=\"elementor-element elementor-element-887e0f6 elementor-widget elementor-widget-button\" data-id=\"887e0f6\" data-element_type=\"widget\" data-e-type=\"widget\" data-widget_type=\"button.default\">\n\t\t\t\t<div class=\"elementor-widget-container\">\n\t\t\t\t\t\t\t\t\t<div class=\"elementor-button-wrapper\">\n\t\t\t\t\t<a class=\"elementor-button elementor-button-link elementor-size-sm\" href=\"https:\/\/aditgames.pt\/wp-content\/uploads\/2025\/05\/REGULAMENTO-SUBMISSAO-DE-TRABALHOS_junho_aditGames-2025.pdf\" target=\"_blank\">\n\t\t\t\t\t\t<span class=\"elementor-button-content-wrapper\">\n\t\t\t\t\t\t\t\t\t<span class=\"elementor-button-text\">Regulamento de submiss\u00e3o de trabalhos<\/span>\n\t\t\t\t\t<\/span>\n\t\t\t\t\t<\/a>\n\t\t\t\t<\/div>\n\t\t\t\t\t\t\t\t<\/div>\n\t\t\t\t<\/div>\n\t\t\t\t<div class=\"elementor-element elementor-element-bcb4f49 elementor-widget elementor-widget-heading\" data-id=\"bcb4f49\" data-element_type=\"widget\" data-e-type=\"widget\" data-widget_type=\"heading.default\">\n\t\t\t\t<div class=\"elementor-widget-container\">\n\t\t\t\t\t<h2 class=\"elementor-heading-title elementor-size-large\">Submiss\u00e3o de trabalhos at\u00e9 dia 23 de Maio<\/h2>\t\t\t\t<\/div>\n\t\t\t\t<\/div>\n\t\t\t\t<div class=\"elementor-element elementor-element-46aa5b5 elementor-view-default elementor-widget elementor-widget-icon\" data-id=\"46aa5b5\" data-element_type=\"widget\" data-e-type=\"widget\" data-widget_type=\"icon.default\">\n\t\t\t\t<div class=\"elementor-widget-container\">\n\t\t\t\t\t\t\t<div class=\"elementor-icon-wrapper\">\n\t\t\t<div class=\"elementor-icon\">\n\t\t\t<i aria-hidden=\"true\" class=\"fas fa-star\"><\/i>\t\t\t<\/div>\n\t\t<\/div>\n\t\t\t\t\t\t<\/div>\n\t\t\t\t<\/div>\n\t\t\t\t<div class=\"elementor-element elementor-element-4463a85 elementor-widget elementor-widget-video\" data-id=\"4463a85\" data-element_type=\"widget\" data-e-type=\"widget\" data-settings=\"{&quot;video_type&quot;:&quot;hosted&quot;,&quot;autoplay&quot;:&quot;yes&quot;,&quot;play_on_mobile&quot;:&quot;yes&quot;}\" data-widget_type=\"video.default\">\n\t\t\t\t<div class=\"elementor-widget-container\">\n\t\t\t\t\t\t\t<div class=\"e-hosted-video elementor-wrapper elementor-open-inline\">\n\t\t\t\t\t<video class=\"elementor-video\" src=\"https:\/\/aditgames.pt\/wp-content\/uploads\/2025\/02\/Design-sem-nome-4.mp4\" autoplay=\"\" playsinline=\"\" controlsList=\"nodownload\"><\/video>\n\t\t\t\t<\/div>\n\t\t\t\t\t\t<\/div>\n\t\t\t\t<\/div>\n\t\t\t\t<div class=\"elementor-element elementor-element-ffdae5d elementor-widget elementor-widget-wpforms\" data-id=\"ffdae5d\" data-element_type=\"widget\" data-e-type=\"widget\" data-widget_type=\"wpforms.default\">\n\t\t\t\t<div class=\"elementor-widget-container\">\n\t\t\t\t\t<div class=\"wpforms-container \" id=\"wpforms-988\"><form id=\"wpforms-form-988\" class=\"wpforms-validate wpforms-form wpforms-ajax-form\" data-formid=\"988\" method=\"post\" enctype=\"multipart\/form-data\" action=\"\/index.php\/wp-json\/wp\/v2\/pages\/951\" data-token=\"27ff379b646f1c819a001c2bcc01d38c\" data-token-time=\"1778995502\"><noscript class=\"wpforms-error-noscript\">Please enable JavaScript in your browser to complete this form.<\/noscript><div class=\"wpforms-field-container\"><div id=\"wpforms-988-field_1-container\" class=\"wpforms-field wpforms-field-text\" data-field-id=\"1\"><label class=\"wpforms-field-label\" for=\"wpforms-988-field_1\">T\u00edtulo (m\u00e1ximo 16 palavras) (obrigat\u00f3rio) <span class=\"wpforms-required-label\">*<\/span><\/label><input type=\"text\" id=\"wpforms-988-field_1\" class=\"wpforms-field-medium wpforms-field-required\" name=\"wpforms[fields][1]\" required><\/div><div id=\"wpforms-988-field_2-container\" class=\"wpforms-field wpforms-field-text\" data-field-id=\"2\"><label class=\"wpforms-field-label\" for=\"wpforms-988-field_2\">Autor correspondente (obrigat\u00f3rio) <span class=\"wpforms-required-label\">*<\/span><\/label><input type=\"text\" id=\"wpforms-988-field_2\" class=\"wpforms-field-medium wpforms-field-required\" name=\"wpforms[fields][2]\" required><\/div><div id=\"wpforms-988-field_22-container\" class=\"wpforms-field wpforms-field-email\" data-field-id=\"22\"><label class=\"wpforms-field-label\" for=\"wpforms-988-field_22\">E-mail autor correspondente (obrigat\u00f3rio) <span class=\"wpforms-required-label\">*<\/span><\/label><input type=\"email\" id=\"wpforms-988-field_22\" class=\"wpforms-field-medium wpforms-field-required\" name=\"wpforms[fields][22]\" spellcheck=\"false\" required><\/div><div id=\"wpforms-988-field_12-container\" class=\"wpforms-field wpforms-field-text\" data-field-id=\"12\"><label class=\"wpforms-field-label\" for=\"wpforms-988-field_12\">Confirmar e-mail <span class=\"wpforms-required-label\">*<\/span><\/label><input type=\"text\" id=\"wpforms-988-field_12\" class=\"wpforms-field-medium wpforms-field-required\" name=\"wpforms[fields][12]\" required><\/div><div id=\"wpforms-988-field_13-container\" class=\"wpforms-field wpforms-field-text\" data-field-id=\"13\"><label class=\"wpforms-field-label\" for=\"wpforms-988-field_13\">Identifica\u00e7\u00e3o de outros autores (m\u00e1ximo 6) <span class=\"wpforms-required-label\">*<\/span><\/label><input type=\"text\" id=\"wpforms-988-field_13\" class=\"wpforms-field-medium wpforms-field-required\" name=\"wpforms[fields][13]\" required><div class=\"wpforms-field-description\">Colocar ordem dos autores <\/div><\/div><div id=\"wpforms-988-field_14-container\" class=\"wpforms-field wpforms-field-text\" data-field-id=\"14\"><label class=\"wpforms-field-label\" for=\"wpforms-988-field_14\">E-mail de outros autores <span class=\"wpforms-required-label\">*<\/span><\/label><input type=\"text\" id=\"wpforms-988-field_14\" class=\"wpforms-field-large wpforms-field-required wpforms-limit-words-enabled\" data-form-id=\"988\" data-field-id=\"14\" data-text-limit=\"200\" name=\"wpforms[fields][14]\" required><\/div><div id=\"wpforms-988-field_15-container\" class=\"wpforms-field wpforms-field-text\" data-field-id=\"15\"><label class=\"wpforms-field-label\" for=\"wpforms-988-field_15\">Preletor (repetir o nome do autor que ser\u00e1 preletor (obrigat\u00f3rio) <span class=\"wpforms-required-label\">*<\/span><\/label><input type=\"text\" id=\"wpforms-988-field_15\" class=\"wpforms-field-medium wpforms-field-required\" name=\"wpforms[fields][15]\" required><\/div><div id=\"wpforms-988-field_17-container\" class=\"wpforms-field wpforms-field-radio\" data-field-id=\"17\"><label class=\"wpforms-field-label\">\u00c1rea tem\u00e1tica  <span class=\"wpforms-required-label\">*<\/span><\/label><ul id=\"wpforms-988-field_17\" class=\"wpforms-field-required\"><li class=\"choice-1 depth-1\"><input type=\"radio\" id=\"wpforms-988-field_17_1\" name=\"wpforms[fields][17]\" value=\"Jogos\" required ><label class=\"wpforms-field-label-inline\" for=\"wpforms-988-field_17_1\">Jogos<\/label><\/li><li class=\"choice-2 depth-1\"><input type=\"radio\" id=\"wpforms-988-field_17_2\" name=\"wpforms[fields][17]\" value=\"Tecnologias\" required ><label class=\"wpforms-field-label-inline\" for=\"wpforms-988-field_17_2\">Tecnologias<\/label><\/li><li class=\"choice-3 depth-1\"><input type=\"radio\" id=\"wpforms-988-field_17_3\" name=\"wpforms[fields][17]\" value=\"Ensino\" required ><label class=\"wpforms-field-label-inline\" for=\"wpforms-988-field_17_3\">Ensino<\/label><\/li><li class=\"choice-4 depth-1\"><input type=\"radio\" id=\"wpforms-988-field_17_4\" name=\"wpforms[fields][17]\" value=\"Outros\" required ><label class=\"wpforms-field-label-inline\" for=\"wpforms-988-field_17_4\">Outros<\/label><\/li><\/ul><\/div><div id=\"wpforms-988-field_18-container\" class=\"wpforms-field wpforms-field-radio\" data-field-id=\"18\"><label class=\"wpforms-field-label\">Tipo de Comunica\u00e7\u00e3o  <span class=\"wpforms-required-label\">*<\/span><\/label><ul id=\"wpforms-988-field_18\" class=\"wpforms-field-required\"><li class=\"choice-1 depth-1\"><input type=\"radio\" id=\"wpforms-988-field_18_1\" name=\"wpforms[fields][18]\" value=\"P\u00f3ster\" required ><label class=\"wpforms-field-label-inline\" for=\"wpforms-988-field_18_1\">P\u00f3ster<\/label><\/li><li class=\"choice-2 depth-1\"><input type=\"radio\" id=\"wpforms-988-field_18_2\" name=\"wpforms[fields][18]\" value=\"Comunica\u00e7\u00e3o Oral\" required ><label class=\"wpforms-field-label-inline\" for=\"wpforms-988-field_18_2\">Comunica\u00e7\u00e3o Oral<\/label><\/li><li class=\"choice-3 depth-1\"><input type=\"radio\" id=\"wpforms-988-field_18_3\" name=\"wpforms[fields][18]\" value=\"Ao crit\u00e9rio da comiss\u00e3o cient\u00edfica \" required ><label class=\"wpforms-field-label-inline\" for=\"wpforms-988-field_18_3\">Ao crit\u00e9rio da comiss\u00e3o cient\u00edfica<\/label><\/li><\/ul><\/div><div id=\"wpforms-988-field_5-container\" class=\"wpforms-field wpforms-field-textarea\" data-field-id=\"5\"><label class=\"wpforms-field-label\" for=\"wpforms-988-field_5\">RESUMO (Max 400  Palvaras) Introdu\u00e7\u00e3o, Objetivos, Metodologia, Resultados, Conclus\u00e3o <span class=\"wpforms-required-label\">*<\/span><\/label><textarea id=\"wpforms-988-field_5\" class=\"wpforms-field-large wpforms-field-required wpforms-limit-words-enabled\" data-form-id=\"988\" data-field-id=\"5\" data-text-limit=\"410\" name=\"wpforms[fields][5]\" required><\/textarea><div class=\"wpforms-field-description\">Todos os Resumos aceites e apresentados no evento, ser\u00e3o publicados em Livro de Resumos<\/div><\/div><div id=\"wpforms-988-field_7-container\" class=\"wpforms-field wpforms-field-textarea\" data-field-id=\"7\"><label class=\"wpforms-field-label\" for=\"wpforms-988-field_7\">Palavras chave ( MeSH\/DeCS), Minino 3 descritores <span class=\"wpforms-required-label\">*<\/span><\/label><textarea id=\"wpforms-988-field_7\" class=\"wpforms-field-medium wpforms-field-required\" name=\"wpforms[fields][7]\" required><\/textarea><\/div><div id=\"wpforms-988-field_21-container\" class=\"wpforms-field wpforms-field-textarea\" data-field-id=\"21\"><label class=\"wpforms-field-label\" for=\"wpforms-988-field_21\">Refer\u00eancias bibliogr\u00e1ficas (segundo APA vers\u00e3o 7) <span class=\"wpforms-required-label\">*<\/span><\/label><textarea id=\"wpforms-988-field_21\" class=\"wpforms-field-large wpforms-field-required wpforms-limit-words-enabled\" data-form-id=\"988\" data-field-id=\"21\" data-text-limit=\"250\" name=\"wpforms[fields][21]\" required><\/textarea><\/div><div id=\"wpforms-988-field_8-container\" class=\"wpforms-field wpforms-field-textarea\" data-field-id=\"8\"><label class=\"wpforms-field-label\" for=\"wpforms-988-field_8\">Observa\u00e7\u00f5es<\/label><textarea id=\"wpforms-988-field_8\" class=\"wpforms-field-medium\" name=\"wpforms[fields][8]\" ><\/textarea><\/div><\/div><!-- .wpforms-field-container --><div class=\"wpforms-submit-container\" ><input type=\"hidden\" name=\"wpforms[id]\" value=\"988\"><input type=\"hidden\" name=\"page_title\" value=\"\"><input type=\"hidden\" name=\"page_url\" value=\"https:\/\/aditgames.pt\/index.php\/wp-json\/wp\/v2\/pages\/951\"><input type=\"hidden\" name=\"url_referer\" value=\"\"><button type=\"submit\" name=\"wpforms[submit]\" id=\"wpforms-submit-988\" class=\"wpforms-submit\" data-alt-text=\"Enviando...\" data-submit-text=\"Submeter\" aria-live=\"assertive\" value=\"wpforms-submit\">Submeter<\/button><img decoding=\"async\" src=\"https:\/\/aditgames.pt\/wp-content\/plugins\/wpforms-lite\/assets\/images\/submit-spin.svg\" class=\"wpforms-submit-spinner\" style=\"display: none;\" width=\"26\" height=\"26\" alt=\"Loading\"><\/div><\/form><\/div>  <!-- .wpforms-container -->\t\t\t\t<\/div>\n\t\t\t\t<\/div>\n\t\t\t\t\t<\/div>\n\t\t<\/div>\n\t\t\t\t\t<\/div>\n\t\t<\/section>\n\t\t\t\t<\/div>\n\t\t","protected":false},"excerpt":{"rendered":"<p>Regulamento de submiss\u00e3o de trabalhos Submiss\u00e3o de trabalhos at\u00e9 dia 23 de Maio https:\/\/aditgames.pt\/wp-content\/uploads\/2025\/02\/Design-sem-nome-4.mp4 Please enable JavaScript in your browser to complete this form.T\u00edtulo (m\u00e1ximo 16 palavras) (obrigat\u00f3rio) *Autor correspondente (obrigat\u00f3rio) *E-mail autor correspondente (obrigat\u00f3rio) *Confirmar e-mail *Identifica\u00e7\u00e3o de outros autores (m\u00e1ximo 6) *Colocar ordem dos autores E-mail de outros autores *Preletor (repetir o nome [&hellip;]<\/p>\n","protected":false},"author":1,"featured_media":0,"parent":0,"menu_order":0,"comment_status":"closed","ping_status":"closed","template":"","meta":{"site-sidebar-layout":"no-sidebar","site-content-layout":"page-builder","ast-site-content-layout":"default","site-content-style":"default","site-sidebar-style":"default","ast-global-header-display":"","ast-banner-title-visibility":"","ast-main-header-display":"","ast-hfb-above-header-display":"","ast-hfb-below-header-display":"","ast-hfb-mobile-header-display":"","site-post-title":"disabled","ast-breadcrumbs-content":"","ast-featured-img":"disabled","footer-sml-layout":"","ast-disable-related-posts":"","theme-transparent-header-meta":"","adv-header-id-meta":"","stick-header-meta":"","header-above-stick-meta":"","header-main-stick-meta":"","header-below-stick-meta":"","astra-migrate-meta-layouts":"default","ast-page-background-enabled":"default","ast-page-background-meta":{"desktop":{"background-color":"","background-image":"","background-repeat":"repeat","background-position":"center center","background-size":"auto","background-attachment":"scroll","background-type":"","background-media":"","overlay-type":"","overlay-color":"","overlay-opacity":"","overlay-gradient":""},"tablet":{"background-color":"","background-image":"","background-repeat":"repeat","background-position":"center center","background-size":"auto","background-attachment":"scroll","background-type":"","background-media":"","overlay-type":"","overlay-color":"","overlay-opacity":"","overlay-gradient":""},"mobile":{"background-color":"","background-image":"","background-repeat":"repeat","background-position":"center center","background-size":"auto","background-attachment":"scroll","background-type":"","background-media":"","overlay-type":"","overlay-color":"","overlay-opacity":"","overlay-gradient":""}},"ast-content-background-meta":{"desktop":{"background-color":"var(--ast-global-color-5)","background-image":"","background-repeat":"repeat","background-position":"center center","background-size":"auto","background-attachment":"scroll","background-type":"","background-media":"","overlay-type":"","overlay-color":"","overlay-opacity":"","overlay-gradient":""},"tablet":{"background-color":"var(--ast-global-color-5)","background-image":"","background-repeat":"repeat","background-position":"center center","background-size":"auto","background-attachment":"scroll","background-type":"","background-media":"","overlay-type":"","overlay-color":"","overlay-opacity":"","overlay-gradient":""},"mobile":{"background-color":"var(--ast-global-color-5)","background-image":"","background-repeat":"repeat","background-position":"center center","background-size":"auto","background-attachment":"scroll","background-type":"","background-media":"","overlay-type":"","overlay-color":"","overlay-opacity":"","overlay-gradient":""}},"footnotes":""},"class_list":["post-951","page","type-page","status-publish","hentry"],"_links":{"self":[{"href":"https:\/\/aditgames.pt\/index.php\/wp-json\/wp\/v2\/pages\/951","targetHints":{"allow":["GET"]}}],"collection":[{"href":"https:\/\/aditgames.pt\/index.php\/wp-json\/wp\/v2\/pages"}],"about":[{"href":"https:\/\/aditgames.pt\/index.php\/wp-json\/wp\/v2\/types\/page"}],"author":[{"embeddable":true,"href":"https:\/\/aditgames.pt\/index.php\/wp-json\/wp\/v2\/users\/1"}],"replies":[{"embeddable":true,"href":"https:\/\/aditgames.pt\/index.php\/wp-json\/wp\/v2\/comments?post=951"}],"version-history":[{"count":88,"href":"https:\/\/aditgames.pt\/index.php\/wp-json\/wp\/v2\/pages\/951\/revisions"}],"predecessor-version":[{"id":1894,"href":"https:\/\/aditgames.pt\/index.php\/wp-json\/wp\/v2\/pages\/951\/revisions\/1894"}],"wp:attachment":[{"href":"https:\/\/aditgames.pt\/index.php\/wp-json\/wp\/v2\/media?parent=951"}],"curies":[{"name":"wp","href":"https:\/\/api.w.org\/{rel}","templated":true}]}}