{"id":540,"date":"2018-11-27T09:16:54","date_gmt":"2018-11-27T09:16:54","guid":{"rendered":"https:\/\/aditgames.pt\/index.php\/home\/"},"modified":"2025-01-26T11:25:52","modified_gmt":"2025-01-26T11:25:52","slug":"home","status":"publish","type":"page","link":"https:\/\/aditgames.pt\/","title":{"rendered":"Home"},"content":{"rendered":"\t\t<div data-elementor-type=\"wp-page\" data-elementor-id=\"540\" class=\"elementor elementor-540\">\n\t\t\t\t\t\t<section class=\"elementor-section elementor-top-section elementor-element elementor-element-c50838b elementor-section-stretched elementor-section-content-middle elementor-section-height-min-height elementor-section-boxed elementor-section-height-default elementor-section-items-middle\" data-id=\"c50838b\" data-element_type=\"section\" data-e-type=\"section\" data-settings=\"{&quot;background_background&quot;:&quot;classic&quot;,&quot;stretch_section&quot;:&quot;section-stretched&quot;}\">\n\t\t\t\t\t\t\t<div class=\"elementor-background-overlay\"><\/div>\n\t\t\t\t\t\t\t<div class=\"elementor-container elementor-column-gap-default\">\n\t\t\t\t\t<div class=\"elementor-column elementor-col-100 elementor-top-column elementor-element elementor-element-a6cab91\" data-id=\"a6cab91\" data-element_type=\"column\" data-e-type=\"column\">\n\t\t\t<div class=\"elementor-widget-wrap\">\n\t\t\t\t\t\t\t<\/div>\n\t\t<\/div>\n\t\t\t\t\t<\/div>\n\t\t<\/section>\n\t\t\t\t<section class=\"elementor-section elementor-top-section elementor-element elementor-element-c604d49 elementor-section-boxed elementor-section-height-default elementor-section-height-default\" data-id=\"c604d49\" data-element_type=\"section\" data-e-type=\"section\">\n\t\t\t\t\t\t<div class=\"elementor-container elementor-column-gap-default\">\n\t\t\t\t\t<div class=\"elementor-column elementor-col-33 elementor-top-column elementor-element elementor-element-db54639\" data-id=\"db54639\" data-element_type=\"column\" data-e-type=\"column\">\n\t\t\t<div class=\"elementor-widget-wrap elementor-element-populated\">\n\t\t\t\t\t\t<div class=\"elementor-element elementor-element-fb8d721 elementor-widget elementor-widget-heading\" data-id=\"fb8d721\" data-element_type=\"widget\" data-e-type=\"widget\" data-widget_type=\"heading.default\">\n\t\t\t\t<div class=\"elementor-widget-container\">\n\t\t\t\t\t<h2 class=\"elementor-heading-title elementor-size-default\">ADITGames<\/h2>\t\t\t\t<\/div>\n\t\t\t\t<\/div>\n\t\t\t\t<div class=\"elementor-element elementor-element-12e9b0a elementor-widget__width-initial elementor-widget elementor-widget-heading\" data-id=\"12e9b0a\" data-element_type=\"widget\" data-e-type=\"widget\" data-widget_type=\"heading.default\">\n\t\t\t\t<div class=\"elementor-widget-container\">\n\t\t\t\t\t<h2 class=\"elementor-heading-title elementor-size-medium\"><span style=\"font-size: 11pt;line-height: 107%;font-family: Calibri, sans-serif\">Associa\u00e7\u00e3o\npara o Desenvolvimento de Inova\u00e7\u00e3o Tecnol\u00f3gica e Games em Sa\u00fade<\/span><\/h2>\t\t\t\t<\/div>\n\t\t\t\t<\/div>\n\t\t\t\t<div class=\"elementor-element elementor-element-a271134 elementor-widget-divider--view-line elementor-widget elementor-widget-divider\" data-id=\"a271134\" data-element_type=\"widget\" data-e-type=\"widget\" data-widget_type=\"divider.default\">\n\t\t\t\t<div class=\"elementor-widget-container\">\n\t\t\t\t\t\t\t<div class=\"elementor-divider\">\n\t\t\t<span class=\"elementor-divider-separator\">\n\t\t\t\t\t\t<\/span>\n\t\t<\/div>\n\t\t\t\t\t\t<\/div>\n\t\t\t\t<\/div>\n\t\t\t\t<div class=\"elementor-element elementor-element-38df08c elementor-widget elementor-widget-text-editor\" data-id=\"38df08c\" data-element_type=\"widget\" data-e-type=\"widget\" data-widget_type=\"text-editor.default\">\n\t\t\t\t<div class=\"elementor-widget-container\">\n\t\t\t\t\t\t\t\t\t<h4>Promover e apoiar iniciativas que visem o desenvolvimento e difus\u00e3o de Tecnologias e Games em Sa\u00fade<\/h4>\t\t\t\t\t\t\t\t<\/div>\n\t\t\t\t<\/div>\n\t\t\t\t<div class=\"elementor-element elementor-element-e0ce68f elementor-align-center elementor-mobile-align-center elementor-widget elementor-widget-button\" data-id=\"e0ce68f\" data-element_type=\"widget\" data-e-type=\"widget\" data-widget_type=\"button.default\">\n\t\t\t\t<div class=\"elementor-widget-container\">\n\t\t\t\t\t\t\t\t\t<div class=\"elementor-button-wrapper\">\n\t\t\t\t\t<a class=\"elementor-button elementor-button-link elementor-size-sm\" href=\"https:\/\/aditgames.pt\/index.php\/missao\/\" target=\"_blank\">\n\t\t\t\t\t\t<span class=\"elementor-button-content-wrapper\">\n\t\t\t\t\t\t\t\t\t<span class=\"elementor-button-text\">Saber Mais<\/span>\n\t\t\t\t\t<\/span>\n\t\t\t\t\t<\/a>\n\t\t\t\t<\/div>\n\t\t\t\t\t\t\t\t<\/div>\n\t\t\t\t<\/div>\n\t\t\t\t\t<\/div>\n\t\t<\/div>\n\t\t\t\t<div class=\"elementor-column elementor-col-33 elementor-top-column elementor-element elementor-element-39eb6b7\" data-id=\"39eb6b7\" data-element_type=\"column\" data-e-type=\"column\">\n\t\t\t<div class=\"elementor-widget-wrap elementor-element-populated\">\n\t\t\t\t\t\t<div class=\"elementor-element elementor-element-193e563 elementor-widget elementor-widget-image\" data-id=\"193e563\" data-element_type=\"widget\" data-e-type=\"widget\" data-widget_type=\"image.default\">\n\t\t\t\t<div class=\"elementor-widget-container\">\n\t\t\t\t\t\t\t\t\t\t\t\t\t\t\t\t<a href=\"https:\/\/aditgames.pt\/wp-content\/uploads\/2024\/06\/Tecnologia-e-Gamificacao-Aplicada-a-Saude-4.pdf\">\n\t\t\t\t\t\t\t<img fetchpriority=\"high\" decoding=\"async\" width=\"1414\" height=\"2000\" src=\"https:\/\/aditgames.pt\/wp-content\/uploads\/2024\/06\/TECNOLOGIA-E-GAMIFICACAO-APLICADA-A-SAUDE-2.jpg\" class=\"attachment-2048x2048 size-2048x2048 wp-image-1694\" alt=\"\" srcset=\"https:\/\/aditgames.pt\/wp-content\/uploads\/2024\/06\/TECNOLOGIA-E-GAMIFICACAO-APLICADA-A-SAUDE-2.jpg 1414w, https:\/\/aditgames.pt\/wp-content\/uploads\/2024\/06\/TECNOLOGIA-E-GAMIFICACAO-APLICADA-A-SAUDE-2-212x300.jpg 212w, https:\/\/aditgames.pt\/wp-content\/uploads\/2024\/06\/TECNOLOGIA-E-GAMIFICACAO-APLICADA-A-SAUDE-2-724x1024.jpg 724w, https:\/\/aditgames.pt\/wp-content\/uploads\/2024\/06\/TECNOLOGIA-E-GAMIFICACAO-APLICADA-A-SAUDE-2-768x1086.jpg 768w, https:\/\/aditgames.pt\/wp-content\/uploads\/2024\/06\/TECNOLOGIA-E-GAMIFICACAO-APLICADA-A-SAUDE-2-1086x1536.jpg 1086w\" sizes=\"(max-width: 1414px) 100vw, 1414px\" \/>\t\t\t\t\t\t\t\t<\/a>\n\t\t\t\t\t\t\t\t\t\t\t\t\t\t\t<\/div>\n\t\t\t\t<\/div>\n\t\t\t\t<div class=\"elementor-element elementor-element-7d1ea11 elementor-widget elementor-widget-image\" data-id=\"7d1ea11\" data-element_type=\"widget\" data-e-type=\"widget\" data-widget_type=\"image.default\">\n\t\t\t\t<div class=\"elementor-widget-container\">\n\t\t\t\t\t\t\t\t\t\t\t\t\t\t\t\t<a href=\"https:\/\/aditgames.pt\/wp-content\/uploads\/2023\/07\/Desenvolvimento-e-Inovacao-Tecnologica-_Contributos.pdf\">\n\t\t\t\t\t\t\t<img decoding=\"async\" width=\"1448\" height=\"2048\" src=\"https:\/\/aditgames.pt\/wp-content\/uploads\/2023\/07\/Desenvolvimento-e-Inovacao-Tecnologica-1448x2048.jpg\" class=\"attachment-2048x2048 size-2048x2048 wp-image-1399\" alt=\"\" srcset=\"https:\/\/aditgames.pt\/wp-content\/uploads\/2023\/07\/Desenvolvimento-e-Inovacao-Tecnologica-1448x2048.jpg 1448w, https:\/\/aditgames.pt\/wp-content\/uploads\/2023\/07\/Desenvolvimento-e-Inovacao-Tecnologica-212x300.jpg 212w, https:\/\/aditgames.pt\/wp-content\/uploads\/2023\/07\/Desenvolvimento-e-Inovacao-Tecnologica-724x1024.jpg 724w, https:\/\/aditgames.pt\/wp-content\/uploads\/2023\/07\/Desenvolvimento-e-Inovacao-Tecnologica-768x1086.jpg 768w, https:\/\/aditgames.pt\/wp-content\/uploads\/2023\/07\/Desenvolvimento-e-Inovacao-Tecnologica-1086x1536.jpg 1086w, https:\/\/aditgames.pt\/wp-content\/uploads\/2023\/07\/Desenvolvimento-e-Inovacao-Tecnologica-scaled.jpg 1810w\" sizes=\"(max-width: 1448px) 100vw, 1448px\" \/>\t\t\t\t\t\t\t\t<\/a>\n\t\t\t\t\t\t\t\t\t\t\t\t\t\t\t<\/div>\n\t\t\t\t<\/div>\n\t\t\t\t\t<\/div>\n\t\t<\/div>\n\t\t\t\t<div class=\"elementor-column elementor-col-33 elementor-top-column elementor-element elementor-element-3b90556\" data-id=\"3b90556\" data-element_type=\"column\" data-e-type=\"column\">\n\t\t\t<div class=\"elementor-widget-wrap elementor-element-populated\">\n\t\t\t\t\t\t<div class=\"elementor-element elementor-element-f1a66fb elementor-widget elementor-widget-image\" data-id=\"f1a66fb\" data-element_type=\"widget\" data-e-type=\"widget\" data-widget_type=\"image.default\">\n\t\t\t\t<div class=\"elementor-widget-container\">\n\t\t\t\t\t\t\t\t\t\t\t\t\t\t\t\t<a href=\"https:\/\/aditgames.pt\/wp-content\/uploads\/2022\/06\/Ebook_Integrar-Inovacao-tecnologico-e-jogos-em-saude_email.pdf\">\n\t\t\t\t\t\t\t<img decoding=\"async\" width=\"1414\" height=\"2000\" src=\"https:\/\/aditgames.pt\/wp-content\/uploads\/2022\/06\/capa.png\" class=\"attachment-full size-full wp-image-1270\" alt=\"\" srcset=\"https:\/\/aditgames.pt\/wp-content\/uploads\/2022\/06\/capa.png 1414w, https:\/\/aditgames.pt\/wp-content\/uploads\/2022\/06\/capa-212x300.png 212w, https:\/\/aditgames.pt\/wp-content\/uploads\/2022\/06\/capa-724x1024.png 724w, https:\/\/aditgames.pt\/wp-content\/uploads\/2022\/06\/capa-768x1086.png 768w, https:\/\/aditgames.pt\/wp-content\/uploads\/2022\/06\/capa-1086x1536.png 1086w\" sizes=\"(max-width: 1414px) 100vw, 1414px\" \/>\t\t\t\t\t\t\t\t<\/a>\n\t\t\t\t\t\t\t\t\t\t\t\t\t\t\t<\/div>\n\t\t\t\t<\/div>\n\t\t\t\t\t<\/div>\n\t\t<\/div>\n\t\t\t\t\t<\/div>\n\t\t<\/section>\n\t\t\t\t<section class=\"elementor-section elementor-top-section elementor-element elementor-element-1896de6 elementor-section-boxed elementor-section-height-default elementor-section-height-default\" data-id=\"1896de6\" data-element_type=\"section\" data-e-type=\"section\">\n\t\t\t\t\t\t<div class=\"elementor-container elementor-column-gap-default\">\n\t\t\t\t\t<div class=\"elementor-column elementor-col-100 elementor-top-column elementor-element elementor-element-f234b7e\" data-id=\"f234b7e\" data-element_type=\"column\" data-e-type=\"column\">\n\t\t\t<div class=\"elementor-widget-wrap elementor-element-populated\">\n\t\t\t\t\t\t<div class=\"elementor-element elementor-element-9ca2ce8 elementor-icon-list--layout-inline elementor-align-center elementor-list-item-link-full_width elementor-widget elementor-widget-icon-list\" data-id=\"9ca2ce8\" data-element_type=\"widget\" data-e-type=\"widget\" data-widget_type=\"icon-list.default\">\n\t\t\t\t<div class=\"elementor-widget-container\">\n\t\t\t\t\t\t\t<ul class=\"elementor-icon-list-items elementor-inline-items\">\n\t\t\t\t\t\t\t<li class=\"elementor-icon-list-item elementor-inline-item\">\n\t\t\t\t\t\t\t\t\t\t\t<a href=\"https:\/\/www.facebook.com\/?locale=pt_PT\">\n\n\t\t\t\t\t\t\t\t\t\t\t\t<span class=\"elementor-icon-list-icon\">\n\t\t\t\t\t\t\t<i aria-hidden=\"true\" class=\"fab fa-facebook\"><\/i>\t\t\t\t\t\t<\/span>\n\t\t\t\t\t\t\t\t\t\t<span class=\"elementor-icon-list-text\"><\/span>\n\t\t\t\t\t\t\t\t\t\t\t<\/a>\n\t\t\t\t\t\t\t\t\t<\/li>\n\t\t\t\t\t\t\t\t<li class=\"elementor-icon-list-item elementor-inline-item\">\n\t\t\t\t\t\t\t\t\t\t\t<a href=\"https:\/\/www.instagram.com\/associacao_aditgames\/\">\n\n\t\t\t\t\t\t\t\t\t\t\t\t<span class=\"elementor-icon-list-icon\">\n\t\t\t\t\t\t\t<i aria-hidden=\"true\" class=\"fab fa-instagram\"><\/i>\t\t\t\t\t\t<\/span>\n\t\t\t\t\t\t\t\t\t\t<span class=\"elementor-icon-list-text\"><\/span>\n\t\t\t\t\t\t\t\t\t\t\t<\/a>\n\t\t\t\t\t\t\t\t\t<\/li>\n\t\t\t\t\t\t\t\t<li class=\"elementor-icon-list-item elementor-inline-item\">\n\t\t\t\t\t\t\t\t\t\t\t<a href=\"https:\/\/www.linkedin.com\/company\/associa%C3%A7%C3%A3o-aditgames\/?viewAsMember=true\">\n\n\t\t\t\t\t\t\t\t\t\t\t\t<span class=\"elementor-icon-list-icon\">\n\t\t\t\t\t\t\t<i aria-hidden=\"true\" class=\"fab fa-linkedin\"><\/i>\t\t\t\t\t\t<\/span>\n\t\t\t\t\t\t\t\t\t\t<span class=\"elementor-icon-list-text\"><\/span>\n\t\t\t\t\t\t\t\t\t\t\t<\/a>\n\t\t\t\t\t\t\t\t\t<\/li>\n\t\t\t\t\t\t<\/ul>\n\t\t\t\t\t\t<\/div>\n\t\t\t\t<\/div>\n\t\t\t\t\t<\/div>\n\t\t<\/div>\n\t\t\t\t\t<\/div>\n\t\t<\/section>\n\t\t\t\t<\/div>\n\t\t","protected":false},"excerpt":{"rendered":"<p>ADITGames Associa\u00e7\u00e3o para o Desenvolvimento de Inova\u00e7\u00e3o Tecnol\u00f3gica e Games em Sa\u00fade Promover e apoiar iniciativas que visem o desenvolvimento e difus\u00e3o de Tecnologias e Games em Sa\u00fade Saber Mais<\/p>\n","protected":false},"author":1,"featured_media":0,"parent":0,"menu_order":0,"comment_status":"closed","ping_status":"closed","template":"","meta":{"site-sidebar-layout":"no-sidebar","site-content-layout":"page-builder","ast-site-content-layout":"default","site-content-style":"default","site-sidebar-style":"default","ast-global-header-display":"","ast-banner-title-visibility":"","ast-main-header-display":"","ast-hfb-above-header-display":"","ast-hfb-below-header-display":"","ast-hfb-mobile-header-display":"","site-post-title":"disabled","ast-breadcrumbs-content":"","ast-featured-img":"disabled","footer-sml-layout":"","ast-disable-related-posts":"","theme-transparent-header-meta":"enabled","adv-header-id-meta":"","stick-header-meta":"","header-above-stick-meta":"","header-main-stick-meta":"","header-below-stick-meta":"","astra-migrate-meta-layouts":"default","ast-page-background-enabled":"default","ast-page-background-meta":{"desktop":{"background-color":"","background-image":"","background-repeat":"repeat","background-position":"center center","background-size":"auto","background-attachment":"scroll","background-type":"","background-media":"","overlay-type":"","overlay-color":"","overlay-opacity":"","overlay-gradient":""},"tablet":{"background-color":"","background-image":"","background-repeat":"repeat","background-position":"center center","background-size":"auto","background-attachment":"scroll","background-type":"","background-media":"","overlay-type":"","overlay-color":"","overlay-opacity":"","overlay-gradient":""},"mobile":{"background-color":"","background-image":"","background-repeat":"repeat","background-position":"center center","background-size":"auto","background-attachment":"scroll","background-type":"","background-media":"","overlay-type":"","overlay-color":"","overlay-opacity":"","overlay-gradient":""}},"ast-content-background-meta":{"desktop":{"background-color":"var(--ast-global-color-5)","background-image":"","background-repeat":"repeat","background-position":"center center","background-size":"auto","background-attachment":"scroll","background-type":"","background-media":"","overlay-type":"","overlay-color":"","overlay-opacity":"","overlay-gradient":""},"tablet":{"background-color":"var(--ast-global-color-5)","background-image":"","background-repeat":"repeat","background-position":"center center","background-size":"auto","background-attachment":"scroll","background-type":"","background-media":"","overlay-type":"","overlay-color":"","overlay-opacity":"","overlay-gradient":""},"mobile":{"background-color":"var(--ast-global-color-5)","background-image":"","background-repeat":"repeat","background-position":"center center","background-size":"auto","background-attachment":"scroll","background-type":"","background-media":"","overlay-type":"","overlay-color":"","overlay-opacity":"","overlay-gradient":""}},"footnotes":""},"class_list":["post-540","page","type-page","status-publish","hentry"],"_links":{"self":[{"href":"https:\/\/aditgames.pt\/index.php\/wp-json\/wp\/v2\/pages\/540","targetHints":{"allow":["GET"]}}],"collection":[{"href":"https:\/\/aditgames.pt\/index.php\/wp-json\/wp\/v2\/pages"}],"about":[{"href":"https:\/\/aditgames.pt\/index.php\/wp-json\/wp\/v2\/types\/page"}],"author":[{"embeddable":true,"href":"https:\/\/aditgames.pt\/index.php\/wp-json\/wp\/v2\/users\/1"}],"replies":[{"embeddable":true,"href":"https:\/\/aditgames.pt\/index.php\/wp-json\/wp\/v2\/comments?post=540"}],"version-history":[{"count":278,"href":"https:\/\/aditgames.pt\/index.php\/wp-json\/wp\/v2\/pages\/540\/revisions"}],"predecessor-version":[{"id":1822,"href":"https:\/\/aditgames.pt\/index.php\/wp-json\/wp\/v2\/pages\/540\/revisions\/1822"}],"wp:attachment":[{"href":"https:\/\/aditgames.pt\/index.php\/wp-json\/wp\/v2\/media?parent=540"}],"curies":[{"name":"wp","href":"https:\/\/api.w.org\/{rel}","templated":true}]}}